{"id":4809,"date":"2023-07-08T10:17:01","date_gmt":"2023-07-08T07:17:01","guid":{"rendered":"https:\/\/zmfood.eu\/kontakty\/"},"modified":"2024-10-07T08:45:35","modified_gmt":"2024-10-07T05:45:35","slug":"kontakty","status":"publish","type":"page","link":"https:\/\/zmfood.eu\/pl\/kontakty\/","title":{"rendered":"Kontakty"},"content":{"rendered":"\t\t<div data-elementor-type=\"wp-post\" data-elementor-id=\"4809\" class=\"elementor elementor-4809 elementor-350\">\n\t\t\t\t\t\t\t\t\t<section class=\"elementor-section elementor-top-section elementor-element elementor-element-d39ac36 elementor-section-boxed elementor-section-height-default elementor-section-height-default\" data-id=\"d39ac36\" data-element_type=\"section\">\n\t\t\t\t\t\t<div class=\"elementor-container elementor-column-gap-default\">\n\t\t\t\t\t<div class=\"elementor-column elementor-col-50 elementor-top-column elementor-element elementor-element-5e87fd1\" data-id=\"5e87fd1\" data-element_type=\"column\">\n\t\t\t<div class=\"elementor-widget-wrap elementor-element-populated\">\n\t\t\t\t\t\t\t\t<div class=\"elementor-element elementor-element-120c854 elementor-widget elementor-widget-text-editor\" data-id=\"120c854\" data-element_type=\"widget\" data-widget_type=\"text-editor.default\">\n\t\t\t\t<div class=\"elementor-widget-container\">\n\t\t\t<style>\/*! elementor - v3.8.0 - 30-10-2022 *\/\n.elementor-widget-text-editor.elementor-drop-cap-view-stacked .elementor-drop-cap{background-color:#818a91;color:#fff}.elementor-widget-text-editor.elementor-drop-cap-view-framed .elementor-drop-cap{color:#818a91;border:3px solid;background-color:transparent}.elementor-widget-text-editor:not(.elementor-drop-cap-view-default) .elementor-drop-cap{margin-top:8px}.elementor-widget-text-editor:not(.elementor-drop-cap-view-default) .elementor-drop-cap-letter{width:1em;height:1em}.elementor-widget-text-editor .elementor-drop-cap{float:left;text-align:center;line-height:1;font-size:50px}.elementor-widget-text-editor .elementor-drop-cap-letter{display:inline-block}<\/style>\t\t\t\t<p><strong>UAB ZMFOOD<\/strong><br \/>ul. Ragain\u0117s 80c, LT-78109 Szawle, Litwa<br \/>Kod przedsi\u0119biorstwa: 145301774<br \/>Kod VAT: LT453017716<\/p><p><a href=\"tel:+37041500007\">+370 41 500007<\/a><br \/><a href=\"mailto:info@zmfood.eu\">info@zmfood.eu<\/a><\/p>\t\t\t\t\t\t<\/div>\n\t\t\t\t<\/div>\n\t\t\t\t\t<\/div>\n\t\t<\/div>\n\t\t\t\t<div class=\"elementor-column elementor-col-50 elementor-top-column elementor-element elementor-element-bf4052f\" data-id=\"bf4052f\" data-element_type=\"column\">\n\t\t\t<div class=\"elementor-widget-wrap elementor-element-populated\">\n\t\t\t\t\t\t\t\t<div class=\"elementor-element elementor-element-a5231e9 elementor-widget elementor-widget-text-editor\" data-id=\"a5231e9\" data-element_type=\"widget\" data-widget_type=\"text-editor.default\">\n\t\t\t\t<div class=\"elementor-widget-container\">\n\t\t\t\t\t\t\t<p><b>Dzia\u0142 sprzeda\u017cy<\/b><br \/><a href=\"tel:+37061025604\">+370 610 25604<\/a><br \/><a href=\"mailto:export@zmfood.eu\">export@zmfood.eu<\/a><\/p>\t\t\t\t\t\t<\/div>\n\t\t\t\t<\/div>\n\t\t\t\t\t<\/div>\n\t\t<\/div>\n\t\t\t\t\t\t\t<\/div>\n\t\t<\/section>\n\t\t\t\t\t\t\t<\/div>\n\t\t","protected":false},"excerpt":{"rendered":"<p>UAB ZMFOODul. Ragain\u0117s 80c, LT-78109 Szawle, LitwaKod przedsi\u0119biorstwa: 145301774Kod VAT: LT453017716 +370 41 500007info@zmfood.eu Dzia\u0142 sprzeda\u017cy+370 610 25604export@zmfood.eu<\/p>\n","protected":false},"author":3,"featured_media":0,"parent":0,"menu_order":0,"comment_status":"closed","ping_status":"closed","template":"","meta":{"footnotes":""},"class_list":["post-4809","page","type-page","status-publish","hentry"],"yoast_head":"<!-- This site is optimized with the Yoast SEO plugin v25.5 - https:\/\/yoast.com\/wordpress\/plugins\/seo\/ -->\n<title>Kontakty - ZMFood<\/title>\n<meta name=\"robots\" content=\"index, follow, max-snippet:-1, max-image-preview:large, max-video-preview:-1\" \/>\n<link rel=\"canonical\" href=\"https:\/\/zmfood.eu\/pl\/kontakty\/\" \/>\n<meta property=\"og:locale\" content=\"pl_PL\" \/>\n<meta property=\"og:type\" content=\"article\" \/>\n<meta property=\"og:title\" content=\"Kontakty - ZMFood\" \/>\n<meta property=\"og:description\" content=\"UAB ZMFOODul. Ragain\u0117s 80c, LT-78109 Szawle, LitwaKod przedsi\u0119biorstwa: 145301774Kod VAT: LT453017716 +370 41 500007info@zmfood.eu Dzia\u0142 sprzeda\u017cy+370 610 25604export@zmfood.eu\" \/>\n<meta property=\"og:url\" content=\"https:\/\/zmfood.eu\/pl\/kontakty\/\" \/>\n<meta property=\"og:site_name\" content=\"ZMFood\" \/>\n<meta property=\"article:publisher\" content=\"https:\/\/www.facebook.com\/zmfood\/\" \/>\n<meta property=\"article:modified_time\" content=\"2024-10-07T05:45:35+00:00\" \/>\n<meta name=\"twitter:card\" content=\"summary_large_image\" \/>\n<meta name=\"twitter:label1\" content=\"Szacowany czas czytania\" \/>\n\t<meta name=\"twitter:data1\" content=\"1 minuta\" \/>\n<script type=\"application\/ld+json\" class=\"yoast-schema-graph\">{\"@context\":\"https:\/\/schema.org\",\"@graph\":[{\"@type\":\"WebPage\",\"@id\":\"https:\/\/zmfood.eu\/pl\/kontakty\/\",\"url\":\"https:\/\/zmfood.eu\/pl\/kontakty\/\",\"name\":\"Kontakty - ZMFood\",\"isPartOf\":{\"@id\":\"https:\/\/zmfood.eu\/#website\"},\"datePublished\":\"2023-07-08T07:17:01+00:00\",\"dateModified\":\"2024-10-07T05:45:35+00:00\",\"breadcrumb\":{\"@id\":\"https:\/\/zmfood.eu\/pl\/kontakty\/#breadcrumb\"},\"inLanguage\":\"pl-PL\",\"potentialAction\":[{\"@type\":\"ReadAction\",\"target\":[\"https:\/\/zmfood.eu\/pl\/kontakty\/\"]}]},{\"@type\":\"BreadcrumbList\",\"@id\":\"https:\/\/zmfood.eu\/pl\/kontakty\/#breadcrumb\",\"itemListElement\":[{\"@type\":\"ListItem\",\"position\":1,\"name\":\"Home\",\"item\":\"https:\/\/zmfood.eu\/\"},{\"@type\":\"ListItem\",\"position\":2,\"name\":\"Kontakty\"}]},{\"@type\":\"WebSite\",\"@id\":\"https:\/\/zmfood.eu\/#website\",\"url\":\"https:\/\/zmfood.eu\/\",\"name\":\"ZMFood\",\"description\":\"\",\"publisher\":{\"@id\":\"https:\/\/zmfood.eu\/#organization\"},\"potentialAction\":[{\"@type\":\"SearchAction\",\"target\":{\"@type\":\"EntryPoint\",\"urlTemplate\":\"https:\/\/zmfood.eu\/?s={search_term_string}\"},\"query-input\":{\"@type\":\"PropertyValueSpecification\",\"valueRequired\":true,\"valueName\":\"search_term_string\"}}],\"inLanguage\":\"pl-PL\"},{\"@type\":\"Organization\",\"@id\":\"https:\/\/zmfood.eu\/#organization\",\"name\":\"ZMFood\",\"url\":\"https:\/\/zmfood.eu\/\",\"logo\":{\"@type\":\"ImageObject\",\"inLanguage\":\"pl-PL\",\"@id\":\"https:\/\/zmfood.eu\/#\/schema\/logo\/image\/\",\"url\":\"https:\/\/zmfood.eu\/wp-content\/uploads\/2022\/01\/zmfood-logo_mano.png\",\"contentUrl\":\"https:\/\/zmfood.eu\/wp-content\/uploads\/2022\/01\/zmfood-logo_mano.png\",\"width\":1131,\"height\":933,\"caption\":\"ZMFood\"},\"image\":{\"@id\":\"https:\/\/zmfood.eu\/#\/schema\/logo\/image\/\"},\"sameAs\":[\"https:\/\/www.facebook.com\/zmfood\/\"]}]}<\/script>\n<!-- \/ Yoast SEO plugin. -->","yoast_head_json":{"title":"Kontakty - ZMFood","robots":{"index":"index","follow":"follow","max-snippet":"max-snippet:-1","max-image-preview":"max-image-preview:large","max-video-preview":"max-video-preview:-1"},"canonical":"https:\/\/zmfood.eu\/pl\/kontakty\/","og_locale":"pl_PL","og_type":"article","og_title":"Kontakty - ZMFood","og_description":"UAB ZMFOODul. Ragain\u0117s 80c, LT-78109 Szawle, LitwaKod przedsi\u0119biorstwa: 145301774Kod VAT: LT453017716 +370 41 500007info@zmfood.eu Dzia\u0142 sprzeda\u017cy+370 610 25604export@zmfood.eu","og_url":"https:\/\/zmfood.eu\/pl\/kontakty\/","og_site_name":"ZMFood","article_publisher":"https:\/\/www.facebook.com\/zmfood\/","article_modified_time":"2024-10-07T05:45:35+00:00","twitter_card":"summary_large_image","twitter_misc":{"Szacowany czas czytania":"1 minuta"},"schema":{"@context":"https:\/\/schema.org","@graph":[{"@type":"WebPage","@id":"https:\/\/zmfood.eu\/pl\/kontakty\/","url":"https:\/\/zmfood.eu\/pl\/kontakty\/","name":"Kontakty - ZMFood","isPartOf":{"@id":"https:\/\/zmfood.eu\/#website"},"datePublished":"2023-07-08T07:17:01+00:00","dateModified":"2024-10-07T05:45:35+00:00","breadcrumb":{"@id":"https:\/\/zmfood.eu\/pl\/kontakty\/#breadcrumb"},"inLanguage":"pl-PL","potentialAction":[{"@type":"ReadAction","target":["https:\/\/zmfood.eu\/pl\/kontakty\/"]}]},{"@type":"BreadcrumbList","@id":"https:\/\/zmfood.eu\/pl\/kontakty\/#breadcrumb","itemListElement":[{"@type":"ListItem","position":1,"name":"Home","item":"https:\/\/zmfood.eu\/"},{"@type":"ListItem","position":2,"name":"Kontakty"}]},{"@type":"WebSite","@id":"https:\/\/zmfood.eu\/#website","url":"https:\/\/zmfood.eu\/","name":"ZMFood","description":"","publisher":{"@id":"https:\/\/zmfood.eu\/#organization"},"potentialAction":[{"@type":"SearchAction","target":{"@type":"EntryPoint","urlTemplate":"https:\/\/zmfood.eu\/?s={search_term_string}"},"query-input":{"@type":"PropertyValueSpecification","valueRequired":true,"valueName":"search_term_string"}}],"inLanguage":"pl-PL"},{"@type":"Organization","@id":"https:\/\/zmfood.eu\/#organization","name":"ZMFood","url":"https:\/\/zmfood.eu\/","logo":{"@type":"ImageObject","inLanguage":"pl-PL","@id":"https:\/\/zmfood.eu\/#\/schema\/logo\/image\/","url":"https:\/\/zmfood.eu\/wp-content\/uploads\/2022\/01\/zmfood-logo_mano.png","contentUrl":"https:\/\/zmfood.eu\/wp-content\/uploads\/2022\/01\/zmfood-logo_mano.png","width":1131,"height":933,"caption":"ZMFood"},"image":{"@id":"https:\/\/zmfood.eu\/#\/schema\/logo\/image\/"},"sameAs":["https:\/\/www.facebook.com\/zmfood\/"]}]}},"_links":{"self":[{"href":"https:\/\/zmfood.eu\/pl\/wp-json\/wp\/v2\/pages\/4809","targetHints":{"allow":["GET"]}}],"collection":[{"href":"https:\/\/zmfood.eu\/pl\/wp-json\/wp\/v2\/pages"}],"about":[{"href":"https:\/\/zmfood.eu\/pl\/wp-json\/wp\/v2\/types\/page"}],"author":[{"embeddable":true,"href":"https:\/\/zmfood.eu\/pl\/wp-json\/wp\/v2\/users\/3"}],"replies":[{"embeddable":true,"href":"https:\/\/zmfood.eu\/pl\/wp-json\/wp\/v2\/comments?post=4809"}],"version-history":[{"count":9,"href":"https:\/\/zmfood.eu\/pl\/wp-json\/wp\/v2\/pages\/4809\/revisions"}],"predecessor-version":[{"id":7707,"href":"https:\/\/zmfood.eu\/pl\/wp-json\/wp\/v2\/pages\/4809\/revisions\/7707"}],"wp:attachment":[{"href":"https:\/\/zmfood.eu\/pl\/wp-json\/wp\/v2\/media?parent=4809"}],"curies":[{"name":"wp","href":"https:\/\/api.w.org\/{rel}","templated":true}]}}