{"id":4905,"date":"2022-01-18T20:30:32","date_gmt":"2023-07-08T16:40:02","guid":{"rendered":"https:\/\/zmfood.eu\/produktas\/orzeszki-ziemne-jega-w-skorupkach-z-papryka-200-g\/"},"modified":"2023-08-28T10:02:02","modified_gmt":"2023-08-28T07:02:02","slug":"orzeszki-ziemne-jega-w-skorupkach-z-papryka-200-g","status":"publish","type":"product","link":"https:\/\/zmfood.eu\/pl\/produktas\/orzeszki-ziemne-jega-w-skorupkach-z-papryka-200-g\/","title":{"rendered":"J\u0116GA Orzeszki ziemne w \u0142upinie z papryk\u0105, 200 g."},"content":{"rendered":"<p>Ilo\u015b\u0107 w opakowaniu<br \/>\nJedno pude\u0142ko zawiera 7 opakowa\u0144.<\/p>\n<p>Ilo\u015b\u0107 na palecie<br \/>\nPodczas transportu paleta mie\u015bci \u0142\u0105cznie 1372 sztuki.<\/p>\n<p>Temperatura przechowywania<br \/>\nZalecana optymalna temperatura przechowywania produktu wynosi (0..+25)0C.<\/p>\n<p>Termin przydatno\u015bci<br \/>\nTermin przydatno\u015bci produktu wynosi 360 dni.<\/p>\n","protected":false},"excerpt":{"rendered":"<p><img decoding=\"async\" class=\"alignnone wp-image-2088 lazyload\" data-src=\"https:\/\/zmfood.eu\/wp-content\/uploads\/2018\/08\/bendraproduktas-2-e1549910297832.png\" alt=\"\" width=\"563\" height=\"180\" data-srcset=\"https:\/\/zmfood.eu\/wp-content\/uploads\/2018\/08\/bendraproduktas-2-e1549910297832.png 1375w, https:\/\/zmfood.eu\/wp-content\/uploads\/2018\/08\/bendraproduktas-2-e1549910297832-300x96.png 300w, https:\/\/zmfood.eu\/wp-content\/uploads\/2018\/08\/bendraproduktas-2-e1549910297832-1024x328.png 1024w, https:\/\/zmfood.eu\/wp-content\/uploads\/2018\/08\/bendraproduktas-2-e1549910297832-768x246.png 768w, https:\/\/zmfood.eu\/wp-content\/uploads\/2018\/08\/bendraproduktas-2-e1549910297832-285x91.png 285w, https:\/\/zmfood.eu\/wp-content\/uploads\/2018\/08\/bendraproduktas-2-e1549910297832-660x211.png 660w, https:\/\/zmfood.eu\/wp-content\/uploads\/2018\/08\/bendraproduktas-2-e1549910297832-150x48.png 150w\" data-sizes=\"(max-width: 563px) 100vw, 563px\" src=\"data:image\/svg+xml;base64,PHN2ZyB3aWR0aD0iMSIgaGVpZ2h0PSIxIiB4bWxucz0iaHR0cDovL3d3dy53My5vcmcvMjAwMC9zdmciPjwvc3ZnPg==\" style=\"--smush-placeholder-width: 563px; --smush-placeholder-aspect-ratio: 563\/180;\" \/><\/p>\n","protected":false},"featured_media":4906,"template":"","meta":[],"product_brand":[],"product_cat":[162,178],"product_tag":[],"class_list":{"0":"post-4905","1":"product","2":"type-product","3":"status-publish","4":"has-post-thumbnail","6":"product_cat-orzechy","7":"product_cat-orzechy-w-skorupkach-200g","9":"first","10":"instock","11":"shipping-taxable","12":"product-type-simple"},"yoast_head":"<!-- This site is optimized with the Yoast SEO plugin v25.5 - https:\/\/yoast.com\/wordpress\/plugins\/seo\/ -->\n<title>J\u0116GA Orzeszki ziemne w \u0142upinie z papryk\u0105, 200 g. - ZMFood<\/title>\n<meta name=\"robots\" content=\"index, follow, max-snippet:-1, max-image-preview:large, max-video-preview:-1\" \/>\n<link rel=\"canonical\" href=\"https:\/\/zmfood.eu\/pl\/produktas\/orzeszki-ziemne-jega-w-skorupkach-z-papryka-200-g\/\" \/>\n<meta property=\"og:locale\" content=\"pl_PL\" \/>\n<meta property=\"og:type\" content=\"article\" \/>\n<meta property=\"og:title\" content=\"J\u0116GA Orzeszki ziemne w \u0142upinie z papryk\u0105, 200 g. - ZMFood\" \/>\n<meta property=\"og:url\" content=\"https:\/\/zmfood.eu\/pl\/produktas\/orzeszki-ziemne-jega-w-skorupkach-z-papryka-200-g\/\" \/>\n<meta property=\"og:site_name\" content=\"ZMFood\" \/>\n<meta property=\"article:publisher\" content=\"https:\/\/www.facebook.com\/zmfood\/\" \/>\n<meta property=\"article:modified_time\" content=\"2023-08-28T07:02:02+00:00\" \/>\n<meta property=\"og:image\" content=\"https:\/\/zmfood.eu\/wp-content\/uploads\/2022\/01\/PAprika_200-scaled.jpg\" \/>\n\t<meta property=\"og:image:width\" content=\"1875\" \/>\n\t<meta property=\"og:image:height\" content=\"2560\" \/>\n\t<meta property=\"og:image:type\" content=\"image\/jpeg\" \/>\n<meta name=\"twitter:card\" content=\"summary_large_image\" \/>\n<script type=\"application\/ld+json\" class=\"yoast-schema-graph\">{\"@context\":\"https:\/\/schema.org\",\"@graph\":[{\"@type\":\"WebPage\",\"@id\":\"https:\/\/zmfood.eu\/pl\/produktas\/orzeszki-ziemne-jega-w-skorupkach-z-papryka-200-g\/\",\"url\":\"https:\/\/zmfood.eu\/pl\/produktas\/orzeszki-ziemne-jega-w-skorupkach-z-papryka-200-g\/\",\"name\":\"J\u0116GA Orzeszki ziemne w \u0142upinie z papryk\u0105, 200 g. - ZMFood\",\"isPartOf\":{\"@id\":\"https:\/\/zmfood.eu\/#website\"},\"primaryImageOfPage\":{\"@id\":\"https:\/\/zmfood.eu\/pl\/produktas\/orzeszki-ziemne-jega-w-skorupkach-z-papryka-200-g\/#primaryimage\"},\"image\":{\"@id\":\"https:\/\/zmfood.eu\/pl\/produktas\/orzeszki-ziemne-jega-w-skorupkach-z-papryka-200-g\/#primaryimage\"},\"thumbnailUrl\":\"https:\/\/zmfood.eu\/wp-content\/uploads\/2022\/01\/PAprika_200-scaled.jpg\",\"datePublished\":\"2023-07-08T16:40:02+00:00\",\"dateModified\":\"2023-08-28T07:02:02+00:00\",\"breadcrumb\":{\"@id\":\"https:\/\/zmfood.eu\/pl\/produktas\/orzeszki-ziemne-jega-w-skorupkach-z-papryka-200-g\/#breadcrumb\"},\"inLanguage\":\"pl-PL\",\"potentialAction\":[{\"@type\":\"ReadAction\",\"target\":[\"https:\/\/zmfood.eu\/pl\/produktas\/orzeszki-ziemne-jega-w-skorupkach-z-papryka-200-g\/\"]}]},{\"@type\":\"ImageObject\",\"inLanguage\":\"pl-PL\",\"@id\":\"https:\/\/zmfood.eu\/pl\/produktas\/orzeszki-ziemne-jega-w-skorupkach-z-papryka-200-g\/#primaryimage\",\"url\":\"https:\/\/zmfood.eu\/wp-content\/uploads\/2022\/01\/PAprika_200-scaled.jpg\",\"contentUrl\":\"https:\/\/zmfood.eu\/wp-content\/uploads\/2022\/01\/PAprika_200-scaled.jpg\",\"width\":1875,\"height\":2560,\"caption\":\"PAprika 200 scaled\"},{\"@type\":\"BreadcrumbList\",\"@id\":\"https:\/\/zmfood.eu\/pl\/produktas\/orzeszki-ziemne-jega-w-skorupkach-z-papryka-200-g\/#breadcrumb\",\"itemListElement\":[{\"@type\":\"ListItem\",\"position\":1,\"name\":\"Home\",\"item\":\"https:\/\/zmfood.eu\/\"},{\"@type\":\"ListItem\",\"position\":2,\"name\":\"Produkcija\",\"item\":\"https:\/\/zmfood.eu\/produkcija\/\"},{\"@type\":\"ListItem\",\"position\":3,\"name\":\"J\u0116GA Orzeszki ziemne w \u0142upinie z papryk\u0105, 200 g.\"}]},{\"@type\":\"WebSite\",\"@id\":\"https:\/\/zmfood.eu\/#website\",\"url\":\"https:\/\/zmfood.eu\/\",\"name\":\"ZMFood\",\"description\":\"\",\"publisher\":{\"@id\":\"https:\/\/zmfood.eu\/#organization\"},\"potentialAction\":[{\"@type\":\"SearchAction\",\"target\":{\"@type\":\"EntryPoint\",\"urlTemplate\":\"https:\/\/zmfood.eu\/?s={search_term_string}\"},\"query-input\":{\"@type\":\"PropertyValueSpecification\",\"valueRequired\":true,\"valueName\":\"search_term_string\"}}],\"inLanguage\":\"pl-PL\"},{\"@type\":\"Organization\",\"@id\":\"https:\/\/zmfood.eu\/#organization\",\"name\":\"ZMFood\",\"url\":\"https:\/\/zmfood.eu\/\",\"logo\":{\"@type\":\"ImageObject\",\"inLanguage\":\"pl-PL\",\"@id\":\"https:\/\/zmfood.eu\/#\/schema\/logo\/image\/\",\"url\":\"https:\/\/zmfood.eu\/wp-content\/uploads\/2022\/01\/zmfood-logo_mano.png\",\"contentUrl\":\"https:\/\/zmfood.eu\/wp-content\/uploads\/2022\/01\/zmfood-logo_mano.png\",\"width\":1131,\"height\":933,\"caption\":\"ZMFood\"},\"image\":{\"@id\":\"https:\/\/zmfood.eu\/#\/schema\/logo\/image\/\"},\"sameAs\":[\"https:\/\/www.facebook.com\/zmfood\/\"]}]}<\/script>\n<!-- \/ Yoast SEO plugin. -->","yoast_head_json":{"title":"J\u0116GA Orzeszki ziemne w \u0142upinie z papryk\u0105, 200 g. - ZMFood","robots":{"index":"index","follow":"follow","max-snippet":"max-snippet:-1","max-image-preview":"max-image-preview:large","max-video-preview":"max-video-preview:-1"},"canonical":"https:\/\/zmfood.eu\/pl\/produktas\/orzeszki-ziemne-jega-w-skorupkach-z-papryka-200-g\/","og_locale":"pl_PL","og_type":"article","og_title":"J\u0116GA Orzeszki ziemne w \u0142upinie z papryk\u0105, 200 g. - ZMFood","og_url":"https:\/\/zmfood.eu\/pl\/produktas\/orzeszki-ziemne-jega-w-skorupkach-z-papryka-200-g\/","og_site_name":"ZMFood","article_publisher":"https:\/\/www.facebook.com\/zmfood\/","article_modified_time":"2023-08-28T07:02:02+00:00","og_image":[{"width":1875,"height":2560,"url":"https:\/\/zmfood.eu\/wp-content\/uploads\/2022\/01\/PAprika_200-scaled.jpg","type":"image\/jpeg"}],"twitter_card":"summary_large_image","schema":{"@context":"https:\/\/schema.org","@graph":[{"@type":"WebPage","@id":"https:\/\/zmfood.eu\/pl\/produktas\/orzeszki-ziemne-jega-w-skorupkach-z-papryka-200-g\/","url":"https:\/\/zmfood.eu\/pl\/produktas\/orzeszki-ziemne-jega-w-skorupkach-z-papryka-200-g\/","name":"J\u0116GA Orzeszki ziemne w \u0142upinie z papryk\u0105, 200 g. - ZMFood","isPartOf":{"@id":"https:\/\/zmfood.eu\/#website"},"primaryImageOfPage":{"@id":"https:\/\/zmfood.eu\/pl\/produktas\/orzeszki-ziemne-jega-w-skorupkach-z-papryka-200-g\/#primaryimage"},"image":{"@id":"https:\/\/zmfood.eu\/pl\/produktas\/orzeszki-ziemne-jega-w-skorupkach-z-papryka-200-g\/#primaryimage"},"thumbnailUrl":"https:\/\/zmfood.eu\/wp-content\/uploads\/2022\/01\/PAprika_200-scaled.jpg","datePublished":"2023-07-08T16:40:02+00:00","dateModified":"2023-08-28T07:02:02+00:00","breadcrumb":{"@id":"https:\/\/zmfood.eu\/pl\/produktas\/orzeszki-ziemne-jega-w-skorupkach-z-papryka-200-g\/#breadcrumb"},"inLanguage":"pl-PL","potentialAction":[{"@type":"ReadAction","target":["https:\/\/zmfood.eu\/pl\/produktas\/orzeszki-ziemne-jega-w-skorupkach-z-papryka-200-g\/"]}]},{"@type":"ImageObject","inLanguage":"pl-PL","@id":"https:\/\/zmfood.eu\/pl\/produktas\/orzeszki-ziemne-jega-w-skorupkach-z-papryka-200-g\/#primaryimage","url":"https:\/\/zmfood.eu\/wp-content\/uploads\/2022\/01\/PAprika_200-scaled.jpg","contentUrl":"https:\/\/zmfood.eu\/wp-content\/uploads\/2022\/01\/PAprika_200-scaled.jpg","width":1875,"height":2560,"caption":"PAprika 200 scaled"},{"@type":"BreadcrumbList","@id":"https:\/\/zmfood.eu\/pl\/produktas\/orzeszki-ziemne-jega-w-skorupkach-z-papryka-200-g\/#breadcrumb","itemListElement":[{"@type":"ListItem","position":1,"name":"Home","item":"https:\/\/zmfood.eu\/"},{"@type":"ListItem","position":2,"name":"Produkcija","item":"https:\/\/zmfood.eu\/produkcija\/"},{"@type":"ListItem","position":3,"name":"J\u0116GA Orzeszki ziemne w \u0142upinie z papryk\u0105, 200 g."}]},{"@type":"WebSite","@id":"https:\/\/zmfood.eu\/#website","url":"https:\/\/zmfood.eu\/","name":"ZMFood","description":"","publisher":{"@id":"https:\/\/zmfood.eu\/#organization"},"potentialAction":[{"@type":"SearchAction","target":{"@type":"EntryPoint","urlTemplate":"https:\/\/zmfood.eu\/?s={search_term_string}"},"query-input":{"@type":"PropertyValueSpecification","valueRequired":true,"valueName":"search_term_string"}}],"inLanguage":"pl-PL"},{"@type":"Organization","@id":"https:\/\/zmfood.eu\/#organization","name":"ZMFood","url":"https:\/\/zmfood.eu\/","logo":{"@type":"ImageObject","inLanguage":"pl-PL","@id":"https:\/\/zmfood.eu\/#\/schema\/logo\/image\/","url":"https:\/\/zmfood.eu\/wp-content\/uploads\/2022\/01\/zmfood-logo_mano.png","contentUrl":"https:\/\/zmfood.eu\/wp-content\/uploads\/2022\/01\/zmfood-logo_mano.png","width":1131,"height":933,"caption":"ZMFood"},"image":{"@id":"https:\/\/zmfood.eu\/#\/schema\/logo\/image\/"},"sameAs":["https:\/\/www.facebook.com\/zmfood\/"]}]}},"_links":{"self":[{"href":"https:\/\/zmfood.eu\/pl\/wp-json\/wp\/v2\/product\/4905","targetHints":{"allow":["GET"]}}],"collection":[{"href":"https:\/\/zmfood.eu\/pl\/wp-json\/wp\/v2\/product"}],"about":[{"href":"https:\/\/zmfood.eu\/pl\/wp-json\/wp\/v2\/types\/product"}],"version-history":[{"count":4,"href":"https:\/\/zmfood.eu\/pl\/wp-json\/wp\/v2\/product\/4905\/revisions"}],"predecessor-version":[{"id":6726,"href":"https:\/\/zmfood.eu\/pl\/wp-json\/wp\/v2\/product\/4905\/revisions\/6726"}],"wp:featuredmedia":[{"embeddable":true,"href":"https:\/\/zmfood.eu\/pl\/wp-json\/wp\/v2\/media\/4906"}],"wp:attachment":[{"href":"https:\/\/zmfood.eu\/pl\/wp-json\/wp\/v2\/media?parent=4905"}],"wp:term":[{"taxonomy":"product_brand","embeddable":true,"href":"https:\/\/zmfood.eu\/pl\/wp-json\/wp\/v2\/product_brand?post=4905"},{"taxonomy":"product_cat","embeddable":true,"href":"https:\/\/zmfood.eu\/pl\/wp-json\/wp\/v2\/product_cat?post=4905"},{"taxonomy":"product_tag","embeddable":true,"href":"https:\/\/zmfood.eu\/pl\/wp-json\/wp\/v2\/product_tag?post=4905"}],"curies":[{"name":"wp","href":"https:\/\/api.w.org\/{rel}","templated":true}]}}